{"id":4872,"date":"2022-01-21T10:25:42","date_gmt":"2022-01-21T09:25:42","guid":{"rendered":"https:\/\/pk62.cz\/?page_id=4872"},"modified":"2025-04-15T09:17:06","modified_gmt":"2025-04-15T08:17:06","slug":"predplatne-casopisu-leo","status":"publish","type":"page","link":"https:\/\/pk62.cz\/?page_id=4872","title":{"rendered":"P\u0159edplatn\u00e9 \u010dasopisu LEO"},"content":{"rendered":"<h1><strong>Objedn\u00e1vka p\u0159edplatn\u00e9ho z vydavatelstv\u00ed PK62 a.s.<\/strong><\/h1>\n<p>Vyberte si po\u017eadovan\u00e9 ro\u010dn\u00ed p\u0159edplatn\u00e9 titulu o kter\u00fd m\u00e1te z\u00e1jem a kontaktujte n\u00e1s s objedn\u00e1vkou na emailu <a href=\"mailto:distribuce@pk62.cz\" rel=\"noopener\" target=\"_blank\">distribuce@pk62.cz<\/a>.<\/p>\n<p><strong>LEO, 4 \u010d\u00edsla; 480,- K\u010d<br \/>\n\u010cesk\u00e9 lo\u017enice, 2 \u010d\u00edsla; 200,- K\u010d<br \/>\nExt\u00e1ze, 2 \u010d\u00edsla; 240,- K\u010d<\/strong><\/p>\n<p>D\u011bkujeme.<\/p>\n","protected":false},"excerpt":{"rendered":"<p>Objedn\u00e1vka p\u0159edplatn\u00e9ho z vydavatelstv\u00ed PK62 a.s. Vyberte si po\u017eadovan\u00e9 ro\u010dn\u00ed p\u0159edplatn\u00e9 titulu o kter\u00fd m\u00e1te z\u00e1jem a kontaktujte n\u00e1s s objedn\u00e1vkou na emailu distribuce@pk62.cz. LEO, 4 \u010d\u00edsla; 480,- K\u010d \u010cesk\u00e9 lo\u017enice, 2 \u010d\u00edsla; 200,- K\u010d Ext\u00e1ze, 2 \u010d\u00edsla; 240,- K\u010d D\u011bkujeme.<\/p>\n","protected":false},"author":2,"featured_media":0,"parent":0,"menu_order":0,"comment_status":"closed","ping_status":"closed","template":"","meta":[],"_links":{"self":[{"href":"https:\/\/pk62.cz\/index.php?rest_route=\/wp\/v2\/pages\/4872"}],"collection":[{"href":"https:\/\/pk62.cz\/index.php?rest_route=\/wp\/v2\/pages"}],"about":[{"href":"https:\/\/pk62.cz\/index.php?rest_route=\/wp\/v2\/types\/page"}],"author":[{"embeddable":true,"href":"https:\/\/pk62.cz\/index.php?rest_route=\/wp\/v2\/users\/2"}],"replies":[{"embeddable":true,"href":"https:\/\/pk62.cz\/index.php?rest_route=%2Fwp%2Fv2%2Fcomments&post=4872"}],"version-history":[{"count":12,"href":"https:\/\/pk62.cz\/index.php?rest_route=\/wp\/v2\/pages\/4872\/revisions"}],"predecessor-version":[{"id":5589,"href":"https:\/\/pk62.cz\/index.php?rest_route=\/wp\/v2\/pages\/4872\/revisions\/5589"}],"wp:attachment":[{"href":"https:\/\/pk62.cz\/index.php?rest_route=%2Fwp%2Fv2%2Fmedia&parent=4872"}],"curies":[{"name":"wp","href":"https:\/\/api.w.org\/{rel}","templated":true}]}}