{"id":47,"date":"2015-10-22T13:14:50","date_gmt":"2015-10-22T12:14:50","guid":{"rendered":"http:\/\/smskontakt.webspace.pk62.com\/pk62\/?page_id=47"},"modified":"2015-10-22T13:14:50","modified_gmt":"2015-10-22T12:14:50","slug":"uvod","status":"publish","type":"page","link":"https:\/\/pk62.cz\/","title":{"rendered":"\u00daVOD"},"content":{"rendered":"<p>V\u00edt\u00e1me v\u00e1s na str\u00e1nk\u00e1ch nejv\u011bt\u0161\u00edho producenta erotick\u00e9 z\u00e1bavy v \u010cR.<\/p>\n","protected":false},"excerpt":{"rendered":"<p>V\u00edt\u00e1me v\u00e1s na str\u00e1nk\u00e1ch nejv\u011bt\u0161\u00edho producenta erotick\u00e9 z\u00e1bavy v \u010cR.<\/p>\n","protected":false},"author":2,"featured_media":0,"parent":0,"menu_order":0,"comment_status":"open","ping_status":"open","template":"","meta":[],"_links":{"self":[{"href":"https:\/\/pk62.cz\/index.php?rest_route=\/wp\/v2\/pages\/47"}],"collection":[{"href":"https:\/\/pk62.cz\/index.php?rest_route=\/wp\/v2\/pages"}],"about":[{"href":"https:\/\/pk62.cz\/index.php?rest_route=\/wp\/v2\/types\/page"}],"author":[{"embeddable":true,"href":"https:\/\/pk62.cz\/index.php?rest_route=\/wp\/v2\/users\/2"}],"replies":[{"embeddable":true,"href":"https:\/\/pk62.cz\/index.php?rest_route=%2Fwp%2Fv2%2Fcomments&post=47"}],"version-history":[{"count":1,"href":"https:\/\/pk62.cz\/index.php?rest_route=\/wp\/v2\/pages\/47\/revisions"}],"predecessor-version":[{"id":48,"href":"https:\/\/pk62.cz\/index.php?rest_route=\/wp\/v2\/pages\/47\/revisions\/48"}],"wp:attachment":[{"href":"https:\/\/pk62.cz\/index.php?rest_route=%2Fwp%2Fv2%2Fmedia&parent=47"}],"curies":[{"name":"wp","href":"https:\/\/api.w.org\/{rel}","templated":true}]}}