{"id":4260,"date":"2018-02-08T08:00:13","date_gmt":"2018-02-08T07:00:13","guid":{"rendered":"http:\/\/pk62.cz\/?page_id=4260"},"modified":"2021-07-29T13:41:54","modified_gmt":"2021-07-29T12:41:54","slug":"predplatne","status":"publish","type":"page","link":"https:\/\/pk62.cz\/?page_id=4260","title":{"rendered":"P\u0159edplatn\u00e9"},"content":{"rendered":"<p style=\"font-weight: 400;\">P\u0159edplatn\u00e9 titul\u016f z\u00a0produkce vydavatelstv\u00ed spole\u010dnosti\u00a0<strong>PK 62, a.s.<\/strong>\u00a0si m\u016f\u017eete objednat na adrese:<\/p>\n<p style=\"font-weight: 400;\"><strong>Distribuce PK 62, a.s.<br \/>\n<\/strong><strong>Gabriela Va\u0161kov\u00e1<br \/>\n<\/strong><strong>mana\u017eer distribu\u010dn\u00edho odd\u011blen\u00ed<br \/>\n<\/strong>e-mail:\u00a0<a href=\"mailto:gabriela.vaskova@pk62.cz\">gabriela.vaskova@pk62.cz<\/a><br \/>\ntelefon:\u00a0<strong>281 090 621<\/strong><\/p>\n<p style=\"font-weight: 400;\">Na uveden\u00fd kontakt zas\u00edlejte sv\u00e9 objedn\u00e1vky.<\/p>\n","protected":false},"excerpt":{"rendered":"<p>P\u0159edplatn\u00e9 titul\u016f z\u00a0produkce vydavatelstv\u00ed spole\u010dnosti\u00a0PK 62, a.s.\u00a0si m\u016f\u017eete objednat na adrese: Distribuce PK 62, a.s. Gabriela Va\u0161kov\u00e1 mana\u017eer distribu\u010dn\u00edho odd\u011blen\u00ed e-mail:\u00a0gabriela.vaskova@pk62.cz telefon:\u00a0281 090 621 Na uveden\u00fd kontakt zas\u00edlejte sv\u00e9 objedn\u00e1vky.<\/p>\n","protected":false},"author":2,"featured_media":0,"parent":0,"menu_order":0,"comment_status":"closed","ping_status":"closed","template":"","meta":[],"_links":{"self":[{"href":"https:\/\/pk62.cz\/index.php?rest_route=\/wp\/v2\/pages\/4260"}],"collection":[{"href":"https:\/\/pk62.cz\/index.php?rest_route=\/wp\/v2\/pages"}],"about":[{"href":"https:\/\/pk62.cz\/index.php?rest_route=\/wp\/v2\/types\/page"}],"author":[{"embeddable":true,"href":"https:\/\/pk62.cz\/index.php?rest_route=\/wp\/v2\/users\/2"}],"replies":[{"embeddable":true,"href":"https:\/\/pk62.cz\/index.php?rest_route=%2Fwp%2Fv2%2Fcomments&post=4260"}],"version-history":[{"count":121,"href":"https:\/\/pk62.cz\/index.php?rest_route=\/wp\/v2\/pages\/4260\/revisions"}],"predecessor-version":[{"id":4822,"href":"https:\/\/pk62.cz\/index.php?rest_route=\/wp\/v2\/pages\/4260\/revisions\/4822"}],"wp:attachment":[{"href":"https:\/\/pk62.cz\/index.php?rest_route=%2Fwp%2Fv2%2Fmedia&parent=4260"}],"curies":[{"name":"wp","href":"https:\/\/api.w.org\/{rel}","templated":true}]}}